{"id":33,"date":"2025-01-10T20:12:08","date_gmt":"2025-01-10T20:12:08","guid":{"rendered":"https:\/\/palacebetbahis.com\/?page_id=33"},"modified":"2025-05-23T14:01:28","modified_gmt":"2025-05-23T14:01:28","slug":"iletisim","status":"publish","type":"page","link":"https:\/\/palacebetbahis.com\/trs\/iletisim\/","title":{"rendered":"\u0130leti\u015fim"},"content":{"rendered":"<p>Palacebet olarak, kullan\u0131c\u0131lar\u0131m\u0131z\u0131n memnuniyetini ve kaliteli bir hizmet sunmay\u0131 \u00f6nceli\u011fimiz olarak kabul ediyoruz. T\u00fcm sorular\u0131n\u0131za yan\u0131t vermek, geri bildirimlerinizi de\u011ferlendirmek ve ihtiyac\u0131n\u0131z olan deste\u011fi sa\u011flamak i\u00e7in bir\u00e7ok ileti\u015fim kanal\u0131 sunuyoruz.<\/p>\n<div id=\"ez-toc-container\" class=\"ez-toc-v2_0_82_2 counter-hierarchy ez-toc-counter ez-toc-grey ez-toc-container-direction\">\n<div class=\"ez-toc-title-container\">\n<p class=\"ez-toc-title\" style=\"cursor:inherit\">\u0130\u00e7indekiler<\/p>\n<span class=\"ez-toc-title-toggle\"><a href=\"#\" class=\"ez-toc-pull-right ez-toc-btn ez-toc-btn-xs ez-toc-btn-default ez-toc-toggle\" aria-label=\"\u0130\u00e7indekiler Tablosunu A\u00e7\/Kapat\"><span class=\"ez-toc-js-icon-con\"><span class=\"\"><span class=\"eztoc-hide\" style=\"display:none;\">Toggle<\/span><span class=\"ez-toc-icon-toggle-span\"><svg style=\"fill: #999;color:#999\" xmlns=\"http:\/\/www.w3.org\/2000\/svg\" class=\"list-377408\" width=\"20px\" height=\"20px\" viewBox=\"0 0 24 24\" fill=\"none\"><path d=\"M6 6H4v2h2V6zm14 0H8v2h12V6zM4 11h2v2H4v-2zm16 0H8v2h12v-2zM4 16h2v2H4v-2zm16 0H8v2h12v-2z\" fill=\"currentColor\"><\/path><\/svg><svg style=\"fill: #999;color:#999\" class=\"arrow-unsorted-368013\" xmlns=\"http:\/\/www.w3.org\/2000\/svg\" width=\"10px\" height=\"10px\" viewBox=\"0 0 24 24\" version=\"1.2\" baseProfile=\"tiny\"><path d=\"M18.2 9.3l-6.2-6.3-6.2 6.3c-.2.2-.3.4-.3.7s.1.5.3.7c.2.2.4.3.7.3h11c.3 0 .5-.1.7-.3.2-.2.3-.5.3-.7s-.1-.5-.3-.7zM5.8 14.7l6.2 6.3 6.2-6.3c.2-.2.3-.5.3-.7s-.1-.5-.3-.7c-.2-.2-.4-.3-.7-.3h-11c-.3 0-.5.1-.7.3-.2.2-.3.5-.3.7s.1.5.3.7z\"\/><\/svg><\/span><\/span><\/span><\/a><\/span><\/div>\n<nav><ul class='ez-toc-list ez-toc-list-level-1 eztoc-toggle-hide-by-default' ><li class='ez-toc-page-1 ez-toc-heading-level-2'><a class=\"ez-toc-link ez-toc-heading-1\" href=\"https:\/\/palacebetbahis.com\/trs\/iletisim\/#Palacebet_Iletisim_Secenekleri\" >Palacebet \u0130leti\u015fim Se\u00e7enekleri<\/a><\/li><li class='ez-toc-page-1 ez-toc-heading-level-2'><a class=\"ez-toc-link ez-toc-heading-2\" href=\"https:\/\/palacebetbahis.com\/trs\/iletisim\/#Palacebette_Onceligimiz_Sizin_Memnuniyetiniz\" >Palacebet\u2019te \u00d6nceli\u011fimiz Sizin Memnuniyetiniz<\/a><\/li><\/ul><\/nav><\/div>\n<h2><span class=\"ez-toc-section\" id=\"Palacebet_Iletisim_Secenekleri\"><\/span>Palacebet \u0130leti\u015fim Se\u00e7enekleri<span class=\"ez-toc-section-end\"><\/span><\/h2>\n<ul>\n<li><strong>E-Posta ile Ba\u011flant\u0131:<\/strong> Her t\u00fcrl\u00fc soru, \u00f6neri veya \u015fikayetiniz i\u00e7in destek@Palacebet.com adresine e-posta g\u00f6nderebilirsiniz. Ekibimiz, taleplerinizi en k\u0131sa s\u00fcrede yan\u0131tlamak i\u00e7in haz\u0131rd\u0131r.<\/li>\n<li><strong>Canl\u0131 Destek Hizmeti:<\/strong> 7\/24 aktif canl\u0131 destek hatt\u0131m\u0131z, <a href=\"https:\/\/palacebetbahis.com\/\"><strong>Palacebet<\/strong><\/a> web sitesinde size an\u0131nda yard\u0131m sunar. Teknik sorunlar, hesap y\u00f6netimi veya genel bilgi talepleriniz i\u00e7in uzman ekibimizle ileti\u015fime ge\u00e7ebilirsiniz.<\/li>\n<li><strong>Sosyal Medya Takibi:<\/strong> Palacebet\u2019i Instagram, Facebook ve Twitter\u2019da takip ederek g\u00fcncel kampanyalar\u0131, duyurular\u0131 ve etkinlikleri yak\u0131ndan takip edebilirsiniz. Sorular\u0131n\u0131z\u0131 sosyal medya mesajlar\u0131 yoluyla da bize iletebilirsiniz.<\/li>\n<\/ul>\n<h2><span class=\"ez-toc-section\" id=\"Palacebette_Onceligimiz_Sizin_Memnuniyetiniz\"><\/span>Palacebet\u2019te \u00d6nceli\u011fimiz Sizin Memnuniyetiniz<span class=\"ez-toc-section-end\"><\/span><\/h2>\n<p>Palacebet, kullan\u0131c\u0131lar\u0131na h\u0131zl\u0131 ve etkili \u00e7\u00f6z\u00fcmler sunmay\u0131 hedefleyen bir hizmet anlay\u0131\u015f\u0131na sahiptir. Sizlerden gelen geri bildirimler, hizmetlerimizi geli\u015ftirme ve deneyiminizi daha da iyile\u015ftirme yolunda bizim i\u00e7in son derece \u00f6nemlidir. Bizimle her zaman kolayca ileti\u015fim kurabilirsiniz; Palacebet ailesi olarak sizin i\u00e7in buraday\u0131z!<br \/>\n<a href=\"https:\/\/teams.live.com\/l\/invite\/FEACCMPF1Qdy2Ex1gE\" target=\"_blank\" rel=\"noopener noreferrer\"><strong>Teams \u0130leti\u015fim \u0130\u00e7in T\u0131klay\u0131n<\/strong><br \/>\n<\/a><\/p>\n","protected":false},"excerpt":{"rendered":"<p>Palacebet olarak, kullan\u0131c\u0131lar\u0131m\u0131z\u0131n memnuniyetini ve kaliteli bir hizmet sunmay\u0131 \u00f6nceli\u011fimiz olarak kabul ediyoruz. T\u00fcm sorular\u0131n\u0131za yan\u0131t vermek, geri bildirimlerinizi de\u011ferlendirmek<\/p>\n","protected":false},"author":1,"featured_media":0,"parent":0,"menu_order":0,"comment_status":"closed","ping_status":"closed","template":"","meta":{"footnotes":""},"class_list":["post-33","page","type-page","status-publish","hentry","comments-off"],"_links":{"self":[{"href":"https:\/\/palacebetbahis.com\/trs\/wp-json\/wp\/v2\/pages\/33","targetHints":{"allow":["GET"]}}],"collection":[{"href":"https:\/\/palacebetbahis.com\/trs\/wp-json\/wp\/v2\/pages"}],"about":[{"href":"https:\/\/palacebetbahis.com\/trs\/wp-json\/wp\/v2\/types\/page"}],"author":[{"embeddable":true,"href":"https:\/\/palacebetbahis.com\/trs\/wp-json\/wp\/v2\/users\/1"}],"replies":[{"embeddable":true,"href":"https:\/\/palacebetbahis.com\/trs\/wp-json\/wp\/v2\/comments?post=33"}],"version-history":[{"count":3,"href":"https:\/\/palacebetbahis.com\/trs\/wp-json\/wp\/v2\/pages\/33\/revisions"}],"predecessor-version":[{"id":84,"href":"https:\/\/palacebetbahis.com\/trs\/wp-json\/wp\/v2\/pages\/33\/revisions\/84"}],"wp:attachment":[{"href":"https:\/\/palacebetbahis.com\/trs\/wp-json\/wp\/v2\/media?parent=33"}],"curies":[{"name":"wp","href":"https:\/\/api.w.org\/{rel}","templated":true}]}}