{"id":30,"date":"2025-01-10T20:10:58","date_gmt":"2025-01-10T20:10:58","guid":{"rendered":"https:\/\/palacebetbahis.com\/?page_id=30"},"modified":"2025-01-10T20:10:58","modified_gmt":"2025-01-10T20:10:58","slug":"hakkimizda","status":"publish","type":"page","link":"https:\/\/palacebetbahis.com\/trs\/hakkimizda\/","title":{"rendered":"Hakk\u0131m\u0131zda"},"content":{"rendered":"<p>Bahis d\u00fcnyas\u0131nda g\u00fcvenilir bilgiye ula\u015fman\u0131n ne kadar \u00f6nemli oldu\u011funu biliyoruz. Bu nedenle, ekip olarak, bahis severlere en do\u011fru ve g\u00fcncel bilgileri sunmay\u0131 misyon edindik. Ekibimiz, sekt\u00f6rdeki tecr\u00fcbemiz ve titiz ara\u015ft\u0131rma anlay\u0131\u015f\u0131m\u0131zla, kullan\u0131c\u0131lar\u0131m\u0131za \u00e7al\u0131\u015ft\u0131\u011f\u0131m\u0131z bahis siteleri hakk\u0131nda tarafs\u0131z ve detayl\u0131 rehberlik sa\u011flamaktad\u0131r.<\/p>\n<p>Amac\u0131m\u0131z, bahis platformlar\u0131nda do\u011fru tercihler yapman\u0131z\u0131 kolayla\u015ft\u0131rmak ve kaliteli bir bahis deneyimi ya\u015faman\u0131z i\u00e7in ihtiyac\u0131n\u0131z olan her t\u00fcrl\u00fc bilgiyi sizinle payla\u015fmakt\u0131r. \u00c7al\u0131\u015ft\u0131\u011f\u0131m\u0131z sitelerin g\u00fcncel giri\u015f adreslerinden g\u00fcvenilirlik analizlerine, bonus f\u0131rsatlar\u0131ndan kullan\u0131c\u0131 deneyimlerine kadar her detay\u0131 titizlikle inceliyor ve sizlere ula\u015ft\u0131r\u0131yoruz.<\/p>\n<p>Her ad\u0131mda \u015feffafl\u0131k ve do\u011fruluk ilkesiyle hareket ediyoruz. Sizleri yan\u0131ltabilecek, eksik veya yanl\u0131\u015f bilgilerden uzak durarak, tamamen objektif bir yakla\u015f\u0131mla i\u00e7eriklerimizi haz\u0131rl\u0131yoruz. <a href=\"https:\/\/palacebetbahis.com\/\"><strong>Palacebet<\/strong><\/a> ekibi, sekt\u00f6rdeki h\u0131zl\u0131 de\u011fi\u015fimlere ayak uydurarak s\u00fcrekli g\u00fcncel bilgiler sunmak i\u00e7in \u00e7al\u0131\u015fmaktad\u0131r.<\/p>\n<p>Bahis tutkunlar\u0131n\u0131n en g\u00fcvenilir bilgi kayna\u011f\u0131 olma hedefimiz do\u011frultusunda, kullan\u0131c\u0131 dostu bir deneyim sunmay\u0131 da \u00f6nemsiyoruz. Sitemizde her zaman kolay eri\u015filebilir bilgi ve g\u00fcncel i\u00e7erik bulabilirsiniz.<\/p>\n<p>Bahis d\u00fcnyas\u0131nda do\u011fru rehberiniz olmak i\u00e7in buraday\u0131z! G\u00fcvenilir bilgiye bizimle ula\u015f\u0131n, do\u011fru ad\u0131mlar\u0131 birlikte atal\u0131m.<\/p>\n","protected":false},"excerpt":{"rendered":"<p>Bahis d\u00fcnyas\u0131nda g\u00fcvenilir bilgiye ula\u015fman\u0131n ne kadar \u00f6nemli oldu\u011funu biliyoruz. Bu nedenle, ekip olarak, bahis severlere en do\u011fru ve g\u00fcncel<\/p>\n","protected":false},"author":1,"featured_media":0,"parent":0,"menu_order":0,"comment_status":"closed","ping_status":"closed","template":"","meta":{"footnotes":""},"class_list":["post-30","page","type-page","status-publish","hentry","comments-off"],"_links":{"self":[{"href":"https:\/\/palacebetbahis.com\/trs\/wp-json\/wp\/v2\/pages\/30","targetHints":{"allow":["GET"]}}],"collection":[{"href":"https:\/\/palacebetbahis.com\/trs\/wp-json\/wp\/v2\/pages"}],"about":[{"href":"https:\/\/palacebetbahis.com\/trs\/wp-json\/wp\/v2\/types\/page"}],"author":[{"embeddable":true,"href":"https:\/\/palacebetbahis.com\/trs\/wp-json\/wp\/v2\/users\/1"}],"replies":[{"embeddable":true,"href":"https:\/\/palacebetbahis.com\/trs\/wp-json\/wp\/v2\/comments?post=30"}],"version-history":[{"count":2,"href":"https:\/\/palacebetbahis.com\/trs\/wp-json\/wp\/v2\/pages\/30\/revisions"}],"predecessor-version":[{"id":32,"href":"https:\/\/palacebetbahis.com\/trs\/wp-json\/wp\/v2\/pages\/30\/revisions\/32"}],"wp:attachment":[{"href":"https:\/\/palacebetbahis.com\/trs\/wp-json\/wp\/v2\/media?parent=30"}],"curies":[{"name":"wp","href":"https:\/\/api.w.org\/{rel}","templated":true}]}}