{"id":24,"date":"2025-01-10T20:02:44","date_gmt":"2025-01-10T20:02:44","guid":{"rendered":"https:\/\/palacebetbahis.com\/?page_id=24"},"modified":"2025-01-10T20:02:44","modified_gmt":"2025-01-10T20:02:44","slug":"cerez-politikasi","status":"publish","type":"page","link":"https:\/\/palacebetbahis.com\/trs\/cerez-politikasi\/","title":{"rendered":"\u00c7erez Politikas\u0131"},"content":{"rendered":"<p>Palacebet olarak, kullan\u0131c\u0131lar\u0131m\u0131za kaliteli bir \u00e7evrimi\u00e7i deneyim sunmak i\u00e7in \u00e7erezler kullan\u0131yoruz. <a href=\"https:\/\/palacebetbahis.com\/\"><strong>Palacebet<\/strong><\/a> sitesinde \u00e7erezler, ziyaret etti\u011finizde cihaz\u0131n\u0131za kaydedilen k\u00fc\u00e7\u00fck veri dosyalar\u0131d\u0131r ve hem sitemizin i\u015fleyi\u015fini kolayla\u015ft\u0131r\u0131r hem de hizmetlerimizi ki\u015fiselle\u015ftirmemize yard\u0131mc\u0131 olur.<\/p>\n<div id=\"ez-toc-container\" class=\"ez-toc-v2_0_82_2 counter-hierarchy ez-toc-counter ez-toc-grey ez-toc-container-direction\">\n<div class=\"ez-toc-title-container\">\n<p class=\"ez-toc-title\" style=\"cursor:inherit\">\u0130\u00e7indekiler<\/p>\n<span class=\"ez-toc-title-toggle\"><a href=\"#\" class=\"ez-toc-pull-right ez-toc-btn ez-toc-btn-xs ez-toc-btn-default ez-toc-toggle\" aria-label=\"\u0130\u00e7indekiler Tablosunu A\u00e7\/Kapat\"><span class=\"ez-toc-js-icon-con\"><span class=\"\"><span class=\"eztoc-hide\" style=\"display:none;\">Toggle<\/span><span class=\"ez-toc-icon-toggle-span\"><svg style=\"fill: #999;color:#999\" xmlns=\"http:\/\/www.w3.org\/2000\/svg\" class=\"list-377408\" width=\"20px\" height=\"20px\" viewBox=\"0 0 24 24\" fill=\"none\"><path d=\"M6 6H4v2h2V6zm14 0H8v2h12V6zM4 11h2v2H4v-2zm16 0H8v2h12v-2zM4 16h2v2H4v-2zm16 0H8v2h12v-2z\" fill=\"currentColor\"><\/path><\/svg><svg style=\"fill: #999;color:#999\" class=\"arrow-unsorted-368013\" xmlns=\"http:\/\/www.w3.org\/2000\/svg\" width=\"10px\" height=\"10px\" viewBox=\"0 0 24 24\" version=\"1.2\" baseProfile=\"tiny\"><path d=\"M18.2 9.3l-6.2-6.3-6.2 6.3c-.2.2-.3.4-.3.7s.1.5.3.7c.2.2.4.3.7.3h11c.3 0 .5-.1.7-.3.2-.2.3-.5.3-.7s-.1-.5-.3-.7zM5.8 14.7l6.2 6.3 6.2-6.3c.2-.2.3-.5.3-.7s-.1-.5-.3-.7c-.2-.2-.4-.3-.7-.3h-11c-.3 0-.5.1-.7.3-.2.2-.3.5-.3.7s.1.5.3.7z\"\/><\/svg><\/span><\/span><\/span><\/a><\/span><\/div>\n<nav><ul class='ez-toc-list ez-toc-list-level-1 eztoc-toggle-hide-by-default' ><li class='ez-toc-page-1 ez-toc-heading-level-2'><a class=\"ez-toc-link ez-toc-heading-1\" href=\"https:\/\/palacebetbahis.com\/trs\/cerez-politikasi\/#Kullandigimiz_Cerez_Turleri\" >Kulland\u0131\u011f\u0131m\u0131z \u00c7erez T\u00fcrleri<\/a><\/li><li class='ez-toc-page-1 ez-toc-heading-level-2'><a class=\"ez-toc-link ez-toc-heading-2\" href=\"https:\/\/palacebetbahis.com\/trs\/cerez-politikasi\/#Cerezlerin_Yonetimi\" >\u00c7erezlerin Y\u00f6netimi<\/a><\/li><\/ul><\/nav><\/div>\n<h2><span class=\"ez-toc-section\" id=\"Kullandigimiz_Cerez_Turleri\"><\/span>Kulland\u0131\u011f\u0131m\u0131z \u00c7erez T\u00fcrleri<span class=\"ez-toc-section-end\"><\/span><\/h2>\n<ul>\n<li><strong>Zorunlu \u00c7erezler<\/strong><br \/>\nWeb sitemizin temel i\u015flevlerinin \u00e7al\u0131\u015fmas\u0131 i\u00e7in gereklidir. \u00d6rne\u011fin, oturum a\u00e7ma ve g\u00fcvenli ba\u011flant\u0131lar bu \u00e7erezlerle sa\u011flan\u0131r.<\/li>\n<li><strong>Analitik \u00c7erezler<\/strong><br \/>\nZiyaret\u00e7i davran\u0131\u015flar\u0131n\u0131 analiz ederek sitemizin performans\u0131n\u0131 iyile\u015ftirmek i\u00e7in kullan\u0131l\u0131r. Bu \u00e7erezler, hangi sayfalar\u0131n daha \u00e7ok ziyaret edildi\u011fi gibi verileri toplar.<\/li>\n<li><strong>Reklam \u00c7erezleri<\/strong><br \/>\n\u0130lgi alanlar\u0131n\u0131za uygun reklam i\u00e7erikleri sunmam\u0131za yard\u0131mc\u0131 olur ve taray\u0131c\u0131 al\u0131\u015fkanl\u0131klar\u0131n\u0131z\u0131 analiz eder.<\/li>\n<\/ul>\n<h2><span class=\"ez-toc-section\" id=\"Cerezlerin_Yonetimi\"><\/span>\u00c7erezlerin Y\u00f6netimi<span class=\"ez-toc-section-end\"><\/span><\/h2>\n<p>Taray\u0131c\u0131 ayarlar\u0131n\u0131z\u0131 kullanarak \u00e7erez tercihlerinizi de\u011fi\u015ftirebilir veya devre d\u0131\u015f\u0131 b\u0131rakabilirsiniz. Ancak, baz\u0131 \u00e7erezlerin kapat\u0131lmas\u0131 Palacebet\u2019in baz\u0131 \u00f6zelliklerinin d\u00fczg\u00fcn \u00e7al\u0131\u015fmas\u0131n\u0131 etkileyebilir.<\/p>\n<p>Palacebet, gizlili\u011finizi korumaya \u00f6nem verir. \u00c7erez politikam\u0131zda yap\u0131lacak g\u00fcncellemeler, bu sayfa \u00fczerinden duyurulacakt\u0131r. Daha fazla bilgi i\u00e7in bizimle ileti\u015fime ge\u00e7ebilirsiniz.<\/p>\n","protected":false},"excerpt":{"rendered":"<p>Palacebet olarak, kullan\u0131c\u0131lar\u0131m\u0131za kaliteli bir \u00e7evrimi\u00e7i deneyim sunmak i\u00e7in \u00e7erezler kullan\u0131yoruz. Palacebet sitesinde \u00e7erezler, ziyaret etti\u011finizde cihaz\u0131n\u0131za kaydedilen k\u00fc\u00e7\u00fck veri<\/p>\n","protected":false},"author":1,"featured_media":0,"parent":0,"menu_order":0,"comment_status":"closed","ping_status":"closed","template":"","meta":{"footnotes":""},"class_list":["post-24","page","type-page","status-publish","hentry","comments-off"],"_links":{"self":[{"href":"https:\/\/palacebetbahis.com\/trs\/wp-json\/wp\/v2\/pages\/24","targetHints":{"allow":["GET"]}}],"collection":[{"href":"https:\/\/palacebetbahis.com\/trs\/wp-json\/wp\/v2\/pages"}],"about":[{"href":"https:\/\/palacebetbahis.com\/trs\/wp-json\/wp\/v2\/types\/page"}],"author":[{"embeddable":true,"href":"https:\/\/palacebetbahis.com\/trs\/wp-json\/wp\/v2\/users\/1"}],"replies":[{"embeddable":true,"href":"https:\/\/palacebetbahis.com\/trs\/wp-json\/wp\/v2\/comments?post=24"}],"version-history":[{"count":2,"href":"https:\/\/palacebetbahis.com\/trs\/wp-json\/wp\/v2\/pages\/24\/revisions"}],"predecessor-version":[{"id":26,"href":"https:\/\/palacebetbahis.com\/trs\/wp-json\/wp\/v2\/pages\/24\/revisions\/26"}],"wp:attachment":[{"href":"https:\/\/palacebetbahis.com\/trs\/wp-json\/wp\/v2\/media?parent=24"}],"curies":[{"name":"wp","href":"https:\/\/api.w.org\/{rel}","templated":true}]}}